{"id":8305,"date":"2022-04-19T08:13:57","date_gmt":"2022-04-19T08:13:57","guid":{"rendered":"https:\/\/in-storemedia.com\/consejo\/"},"modified":"2024-04-29T12:40:54","modified_gmt":"2024-04-29T12:40:54","slug":"conselho-de-administracao","status":"publish","type":"page","link":"https:\/\/in-storemedia.com\/pt-pt\/conselho-de-administracao\/","title":{"rendered":"Conselho de administra\u00e7\u00e3o"},"content":{"rendered":"[vc_row type=&#8221;full_width_background&#8221; full_screen_row_position=&#8221;middle&#8221; column_margin=&#8221;default&#8221; column_direction=&#8221;default&#8221; column_direction_tablet=&#8221;default&#8221; column_direction_phone=&#8221;default&#8221; bg_color=&#8221;#0278ca&#8221; bg_image=&#8221;5409&#8243; bg_position=&#8221;left top&#8221; background_image_loading=&#8221;default&#8221; bg_repeat=&#8221;no-repeat&#8221; scene_position=&#8221;center&#8221; top_padding=&#8221;6%&#8221; bottom_padding=&#8221;6%&#8221; text_color=&#8221;light&#8221; text_align=&#8221;center&#8221; row_border_radius=&#8221;none&#8221; row_border_radius_applies=&#8221;bg&#8221; color_overlay=&#8221;rgba(2,120,202,0.01)&#8221; overlay_strength=&#8221;0.5&#8243; gradient_direction=&#8221;left_to_right&#8221; shape_divider_position=&#8221;bottom&#8221; bg_image_animation=&#8221;none&#8221; shape_type=&#8221;&#8221;][vc_column column_padding=&#8221;no-extra-padding&#8221; column_padding_tablet=&#8221;inherit&#8221; column_padding_phone=&#8221;inherit&#8221; column_padding_position=&#8221;all&#8221; column_element_spacing=&#8221;default&#8221; background_color_opacity=&#8221;1&#8243; background_hover_color_opacity=&#8221;1&#8243; column_shadow=&#8221;none&#8221; column_border_radius=&#8221;none&#8221; column_link_target=&#8221;_self&#8221; gradient_direction=&#8221;left_to_right&#8221; overlay_strength=&#8221;0.3&#8243; width=&#8221;1\/1&#8243; tablet_width_inherit=&#8221;default&#8221; tablet_text_alignment=&#8221;default&#8221; phone_text_alignment=&#8221;default&#8221; bg_image_animation=&#8221;none&#8221; border_type=&#8221;simple&#8221; column_border_width=&#8221;none&#8221; column_border_style=&#8221;solid&#8221;][vc_column_text css=&#8221;.vc_custom_1654682341535{margin-top: 30px !important;}&#8221;]\n<h1 style=\"text-align: center;\">Sobre n\u00f3s<\/h1>\n[\/vc_column_text][\/vc_column][\/vc_row][vc_row type=&#8221;full_width_background&#8221; full_screen_row_position=&#8221;middle&#8221; column_margin=&#8221;default&#8221; column_direction=&#8221;default&#8221; column_direction_tablet=&#8221;default&#8221; column_direction_phone=&#8221;default&#8221; bg_color=&#8221;#e8e8e8&#8243; scene_position=&#8221;center&#8221; top_padding=&#8221;1%&#8221; bottom_padding=&#8221;1%&#8221; text_color=&#8221;dark&#8221; text_align=&#8221;left&#8221; row_border_radius=&#8221;none&#8221; row_border_radius_applies=&#8221;bg&#8221; overlay_strength=&#8221;0.3&#8243; gradient_direction=&#8221;left_to_right&#8221; shape_divider_position=&#8221;bottom&#8221; bg_image_animation=&#8221;none&#8221; shape_type=&#8221;&#8221;][vc_column column_padding=&#8221;no-extra-padding&#8221; column_padding_tablet=&#8221;inherit&#8221; column_padding_phone=&#8221;inherit&#8221; column_padding_position=&#8221;all&#8221; column_element_spacing=&#8221;default&#8221; centered_text=&#8221;true&#8221; background_color_opacity=&#8221;1&#8243; background_hover_color_opacity=&#8221;1&#8243; column_shadow=&#8221;none&#8221; column_border_radius=&#8221;none&#8221; column_link_target=&#8221;_self&#8221; gradient_direction=&#8221;left_to_right&#8221; overlay_strength=&#8221;0.3&#8243; width=&#8221;1\/1&#8243; tablet_width_inherit=&#8221;default&#8221; tablet_text_alignment=&#8221;default&#8221; phone_text_alignment=&#8221;default&#8221; bg_image_animation=&#8221;none&#8221; border_type=&#8221;simple&#8221; column_border_width=&#8221;none&#8221; column_border_style=&#8221;solid&#8221;][page_submenu alignment=&#8221;center&#8221; bg_color=&#8221;#e8e8e8&#8243; link_color=&#8221;#0278ca&#8221;][page_link link_url=&#8221;https:\/\/in-storemedia.com\/pt-pt\/sobre-nos\/&#8221; title=&#8221;EMPRESA&#8221; id=&#8221;1714394411284-8&#8243; tab_id=&#8221;1714394411284-6&#8243;] [\/page_link][page_link title=&#8221;EQUIPA&#8221; id=&#8221;1714394411314-1&#8243; tab_id=&#8221;1714394411314-0&#8243; link_url=&#8221;https:\/\/in-storemedia.com\/pt-pt\/equipa\/&#8221;] [\/page_link][page_link title=&#8221;CONSELHO DE ADMINISTRA\u00c7\u00c3O&#8221; id=&#8221;1714394411320-2&#8243; tab_id=&#8221;1714394411321-4&#8243;][\/page_link][\/page_submenu][\/vc_column][\/vc_row][vc_row type=&#8221;full_width_background&#8221; full_screen_row_position=&#8221;middle&#8221; column_margin=&#8221;default&#8221; column_direction=&#8221;default&#8221; column_direction_tablet=&#8221;default&#8221; column_direction_phone=&#8221;default&#8221; bg_color=&#8221;#ffffff&#8221; scene_position=&#8221;center&#8221; text_color=&#8221;dark&#8221; text_align=&#8221;left&#8221; row_border_radius=&#8221;none&#8221; row_border_radius_applies=&#8221;bg&#8221; overlay_strength=&#8221;0.3&#8243; gradient_direction=&#8221;left_to_right&#8221; shape_divider_position=&#8221;bottom&#8221; bg_image_animation=&#8221;none&#8221; shape_type=&#8221;&#8221;][vc_column column_padding=&#8221;no-extra-padding&#8221; column_padding_tablet=&#8221;inherit&#8221; column_padding_phone=&#8221;inherit&#8221; column_padding_position=&#8221;all&#8221; column_element_spacing=&#8221;default&#8221; background_color_opacity=&#8221;1&#8243; background_hover_color_opacity=&#8221;1&#8243; column_shadow=&#8221;none&#8221; column_border_radius=&#8221;none&#8221; column_link_target=&#8221;_self&#8221; gradient_direction=&#8221;left_to_right&#8221; overlay_strength=&#8221;0.3&#8243; width=&#8221;1\/1&#8243; tablet_width_inherit=&#8221;default&#8221; tablet_text_alignment=&#8221;default&#8221; phone_text_alignment=&#8221;default&#8221; bg_image_animation=&#8221;none&#8221; border_type=&#8221;simple&#8221; column_border_width=&#8221;none&#8221; column_border_style=&#8221;solid&#8221;][divider line_type=&#8221;No Line&#8221; custom_height=&#8221;50px&#8221;][divider line_type=&#8221;No Line&#8221; custom_height=&#8221;50px&#8221;][vc_row_inner column_margin=&#8221;default&#8221; column_direction=&#8221;default&#8221; column_direction_tablet=&#8221;default&#8221; column_direction_phone=&#8221;default&#8221; text_align=&#8221;left&#8221;][vc_column_inner column_padding=&#8221;padding-3-percent&#8221; column_padding_tablet=&#8221;inherit&#8221; column_padding_phone=&#8221;inherit&#8221; column_padding_position=&#8221;all&#8221; column_element_spacing=&#8221;default&#8221; background_color_opacity=&#8221;1&#8243; background_hover_color_opacity=&#8221;1&#8243; column_shadow=&#8221;none&#8221; column_border_radius=&#8221;none&#8221; column_link_target=&#8221;_self&#8221; gradient_direction=&#8221;left_to_right&#8221; overlay_strength=&#8221;0.3&#8243; width=&#8221;1\/3&#8243; tablet_width_inherit=&#8221;default&#8221; bg_image_animation=&#8221;none&#8221; border_type=&#8221;simple&#8221; column_border_width=&#8221;none&#8221; column_border_style=&#8221;solid&#8221;][team_member image_url=&#8221;8219&#8243; bio_alt_image_url=&#8221;8214&#8243; team_memeber_style=&#8221;bio_fullscreen_alt&#8221; image_loading=&#8221;default&#8221; team_member_bio_full_html=&#8221;html&#8221; name=&#8221;Pablo Vil\u00e1 Torras&#8221; job_position=&#8221;S\u00d3CIO FUNDADOR E MEMBRO DO CONSELHO&#8221; team_member_mini_bio=&#8221;25 anos de experi\u00eancia em gest\u00e3o e desenvolvimento de negocios.&#8221;]<span style=\"color: #0278ca;\"><strong><span style=\"vertical-align: inherit;\"><span style=\"vertical-align: inherit;\">25 anos de experi\u00eancia em gest\u00e3o e desenvolvimento de negocios.<\/span><\/span><\/strong><\/span><\/p>\n<p>Pablo ocupou o cargo de CEO da in-Store Media desde sua cria\u00e7\u00e3o em 1998 at\u00e9 2018. A partir de 2019, ele presidiu a empresa, fun\u00e7\u00e3o que complementou com colabora\u00e7\u00f5es significativas em outras empresas, bem como com institui\u00e7\u00f5es sociais. A partir de 2024, Pablo atua exclusivamente como membro do conselho do grupo.<\/p>\n<p>Antes de co-fundar a in-Store Media (para \u201csaltar do comboio\u201d como gosta de dizer), Pablo trabalhou 5 anos em empresas multinacionais, primeiro em Corporate Banking na BBVA Paris e depois em Desenvolvimento Corporativo na Media Planning Group Madrid, hoje Grupo Havas.<\/p>\n<p>Pablo \u00e9 formado em Administra\u00e7\u00e3o e Gest\u00e3o de Empresas pela ESADE e tem um MBA pela mesma Universidade.[\/team_member][\/vc_column_inner][vc_column_inner column_padding=&#8221;padding-3-percent&#8221; column_padding_tablet=&#8221;inherit&#8221; column_padding_phone=&#8221;inherit&#8221; column_padding_position=&#8221;all&#8221; column_element_spacing=&#8221;default&#8221; background_color_opacity=&#8221;1&#8243; background_hover_color_opacity=&#8221;1&#8243; column_shadow=&#8221;none&#8221; column_border_radius=&#8221;none&#8221; column_link_target=&#8221;_self&#8221; gradient_direction=&#8221;left_to_right&#8221; overlay_strength=&#8221;0.3&#8243; width=&#8221;1\/3&#8243; tablet_width_inherit=&#8221;default&#8221; bg_image_animation=&#8221;none&#8221; border_type=&#8221;simple&#8221; column_border_width=&#8221;none&#8221; column_border_style=&#8221;solid&#8221;][team_member image_url=&#8221;8020&#8243; bio_alt_image_url=&#8221;8015&#8243; team_memeber_style=&#8221;bio_fullscreen_alt&#8221; image_loading=&#8221;default&#8221; team_member_bio_full_html=&#8221;html&#8221; name=&#8221;iSP Holding&#8221; job_position=&#8221;S\u00f3cio Fundador e Membro do Conselho&#8221; team_member_mini_bio=&#8221;Holding empresarial de publicidade da fam\u00edlia Rod\u00e9s, l\u00edder nos mercados onde atua.&#8221;]<span style=\"color: #0278ca;\"><strong>Holding empresarial de publicidade da fam\u00edlia Rod\u00e9s, l\u00edder nos mercados onde atua.<\/strong><\/span><\/p>\n<p>A Holding detida e operada pela fam\u00edlia Rod\u00e9s, que tamb\u00e9m possui e opera a iSPD, entre outros ativos, est\u00e1 representada no Conselho por Gonzalo Rod\u00e9s Vil\u00e0, Alfonso Rod\u00e9s Vil\u00e0 e Jordi Ustrell Rivera.[\/team_member][\/vc_column_inner][vc_column_inner column_padding=&#8221;padding-3-percent&#8221; column_padding_tablet=&#8221;inherit&#8221; column_padding_phone=&#8221;inherit&#8221; column_padding_position=&#8221;all&#8221; column_element_spacing=&#8221;default&#8221; background_color_opacity=&#8221;1&#8243; background_hover_color_opacity=&#8221;1&#8243; column_shadow=&#8221;none&#8221; column_border_radius=&#8221;none&#8221; column_link_target=&#8221;_self&#8221; gradient_direction=&#8221;left_to_right&#8221; overlay_strength=&#8221;0.3&#8243; width=&#8221;1\/3&#8243; tablet_width_inherit=&#8221;default&#8221; bg_image_animation=&#8221;none&#8221; border_type=&#8221;simple&#8221; column_border_width=&#8221;none&#8221; column_border_style=&#8221;solid&#8221;][team_member image_url=&#8221;8158&#8243; bio_alt_image_url=&#8221;8153&#8243; team_memeber_style=&#8221;bio_fullscreen_alt&#8221; image_loading=&#8221;default&#8221; team_member_bio_full_html=&#8221;html&#8221; name=&#8221;Art\u00e1 Capital&#8221; job_position=&#8221;S\u00f3cio, Conselheiro&#8221; team_member_mini_bio=&#8221;Empresa de Private Equity.&#8221;]<span style=\"color: #0278ca;\"><strong>Empresa de Private Equity.<\/strong><\/span><\/p>\n<p>Sociedade de private equity, representada no Conselho por Nicol\u00e1s Jimenez-Ugarte Luelmo e Jaime Alba Ripoll\u00e9s.[\/team_member][\/vc_column_inner][\/vc_row_inner][\/vc_column][\/vc_row]\n","protected":false},"excerpt":{"rendered":"<p>[vc_row type=&#8221;full_width_background&#8221; full_screen_row_position=&#8221;middle&#8221; column_margin=&#8221;default&#8221; column_direction=&#8221;default&#8221; column_direction_tablet=&#8221;default&#8221; column_direction_phone=&#8221;default&#8221; bg_color=&#8221;#0278ca&#8221; bg_image=&#8221;5409&#8243; bg_position=&#8221;left top&#8221; background_image_loading=&#8221;default&#8221; bg_repeat=&#8221;no-repeat&#8221; scene_position=&#8221;center&#8221; top_padding=&#8221;6%&#8221; bottom_padding=&#8221;6%&#8221; text_color=&#8221;light&#8221; text_align=&#8221;center&#8221; row_border_radius=&#8221;none&#8221; row_border_radius_applies=&#8221;bg&#8221; color_overlay=&#8221;rgba(2,120,202,0.01)&#8221; overlay_strength=&#8221;0.5&#8243; gradient_direction=&#8221;left_to_right&#8221; shape_divider_position=&#8221;bottom&#8221; bg_image_animation=&#8221;none&#8221; shape_type=&#8221;&#8221;][vc_column column_padding=&#8221;no-extra-padding&#8221; column_padding_tablet=&#8221;inherit&#8221; column_padding_phone=&#8221;inherit&#8221; column_padding_position=&#8221;all&#8221;&#8230;<\/p>\n","protected":false},"author":1,"featured_media":0,"parent":0,"menu_order":0,"comment_status":"closed","ping_status":"closed","template":"","meta":{"footnotes":""},"class_list":["post-8305","page","type-page","status-publish"],"yoast_head":"<!-- This site is optimized with the Yoast SEO plugin v27.2 - https:\/\/yoast.com\/product\/yoast-seo-wordpress\/ -->\n<title>Conselho de administra\u00e7\u00e3o | in-Store Media<\/title>\n<meta name=\"robots\" content=\"index, follow, max-snippet:-1, max-image-preview:large, max-video-preview:-1\" \/>\n<link rel=\"canonical\" href=\"https:\/\/in-storemedia.com\/pt-pt\/conselho-de-administracao\/\" \/>\n<meta property=\"og:locale\" content=\"pt_PT\" \/>\n<meta property=\"og:type\" content=\"article\" \/>\n<meta property=\"og:title\" content=\"Conselho de administra\u00e7\u00e3o | in-Store Media\" \/>\n<meta property=\"og:description\" content=\"[vc_row type=&#8221;full_width_background&#8221; full_screen_row_position=&#8221;middle&#8221; column_margin=&#8221;default&#8221; column_direction=&#8221;default&#8221; column_direction_tablet=&#8221;default&#8221; column_direction_phone=&#8221;default&#8221; bg_color=&#8221;#0278ca&#8221; bg_image=&#8221;5409&#8243; bg_position=&#8221;left top&#8221; background_image_loading=&#8221;default&#8221; bg_repeat=&#8221;no-repeat&#8221; scene_position=&#8221;center&#8221; top_padding=&#8221;6%&#8221; bottom_padding=&#8221;6%&#8221; text_color=&#8221;light&#8221; text_align=&#8221;center&#8221; row_border_radius=&#8221;none&#8221; row_border_radius_applies=&#8221;bg&#8221; color_overlay=&#8221;rgba(2,120,202,0.01)&#8221; overlay_strength=&#8221;0.5&#8243; gradient_direction=&#8221;left_to_right&#8221; shape_divider_position=&#8221;bottom&#8221; bg_image_animation=&#8221;none&#8221; shape_type=&#8221;&#8221;][vc_column column_padding=&#8221;no-extra-padding&#8221; column_padding_tablet=&#8221;inherit&#8221; column_padding_phone=&#8221;inherit&#8221; column_padding_position=&#8221;all&#8221;...\" \/>\n<meta property=\"og:url\" content=\"https:\/\/in-storemedia.com\/pt-pt\/conselho-de-administracao\/\" \/>\n<meta property=\"og:site_name\" content=\"in-Store Media\" \/>\n<meta property=\"article:modified_time\" content=\"2024-04-29T12:40:54+00:00\" \/>\n<meta name=\"twitter:card\" content=\"summary_large_image\" \/>\n<meta name=\"twitter:label1\" content=\"Est. reading time\" \/>\n\t<meta name=\"twitter:data1\" content=\"4 minutes\" \/>\n<script type=\"application\/ld+json\" class=\"yoast-schema-graph\">{\"@context\":\"https:\/\/schema.org\",\"@graph\":[{\"@type\":\"WebPage\",\"@id\":\"https:\/\/in-storemedia.com\/pt-pt\/conselho-de-administracao\/\",\"url\":\"https:\/\/in-storemedia.com\/pt-pt\/conselho-de-administracao\/\",\"name\":\"Conselho de administra\u00e7\u00e3o | in-Store Media\",\"isPartOf\":{\"@id\":\"\/#website\"},\"datePublished\":\"2022-04-19T08:13:57+00:00\",\"dateModified\":\"2024-04-29T12:40:54+00:00\",\"breadcrumb\":{\"@id\":\"https:\/\/in-storemedia.com\/pt-pt\/conselho-de-administracao\/#breadcrumb\"},\"inLanguage\":\"pt-PT\",\"potentialAction\":[{\"@type\":\"ReadAction\",\"target\":[\"https:\/\/in-storemedia.com\/pt-pt\/conselho-de-administracao\/\"]}]},{\"@type\":\"BreadcrumbList\",\"@id\":\"https:\/\/in-storemedia.com\/pt-pt\/conselho-de-administracao\/#breadcrumb\",\"itemListElement\":[{\"@type\":\"ListItem\",\"position\":1,\"name\":\"Portada\",\"item\":\"https:\/\/in-storemedia.com\/\"},{\"@type\":\"ListItem\",\"position\":2,\"name\":\"Conselho de administra\u00e7\u00e3o\"}]},{\"@type\":\"WebSite\",\"@id\":\"\/#website\",\"url\":\"\/\",\"name\":\"in-Store Media\",\"description\":\"Creadores del Retail Media\",\"potentialAction\":[{\"@type\":\"SearchAction\",\"target\":{\"@type\":\"EntryPoint\",\"urlTemplate\":\"\/?s={search_term_string}\"},\"query-input\":{\"@type\":\"PropertyValueSpecification\",\"valueRequired\":true,\"valueName\":\"search_term_string\"}}],\"inLanguage\":\"pt-PT\"}]}<\/script>\n<!-- \/ Yoast SEO plugin. -->","yoast_head_json":{"title":"Conselho de administra\u00e7\u00e3o | in-Store Media","robots":{"index":"index","follow":"follow","max-snippet":"max-snippet:-1","max-image-preview":"max-image-preview:large","max-video-preview":"max-video-preview:-1"},"canonical":"https:\/\/in-storemedia.com\/pt-pt\/conselho-de-administracao\/","og_locale":"pt_PT","og_type":"article","og_title":"Conselho de administra\u00e7\u00e3o | in-Store Media","og_description":"[vc_row type=&#8221;full_width_background&#8221; full_screen_row_position=&#8221;middle&#8221; column_margin=&#8221;default&#8221; column_direction=&#8221;default&#8221; column_direction_tablet=&#8221;default&#8221; column_direction_phone=&#8221;default&#8221; bg_color=&#8221;#0278ca&#8221; bg_image=&#8221;5409&#8243; bg_position=&#8221;left top&#8221; background_image_loading=&#8221;default&#8221; bg_repeat=&#8221;no-repeat&#8221; scene_position=&#8221;center&#8221; top_padding=&#8221;6%&#8221; bottom_padding=&#8221;6%&#8221; text_color=&#8221;light&#8221; text_align=&#8221;center&#8221; row_border_radius=&#8221;none&#8221; row_border_radius_applies=&#8221;bg&#8221; color_overlay=&#8221;rgba(2,120,202,0.01)&#8221; overlay_strength=&#8221;0.5&#8243; gradient_direction=&#8221;left_to_right&#8221; shape_divider_position=&#8221;bottom&#8221; bg_image_animation=&#8221;none&#8221; shape_type=&#8221;&#8221;][vc_column column_padding=&#8221;no-extra-padding&#8221; column_padding_tablet=&#8221;inherit&#8221; column_padding_phone=&#8221;inherit&#8221; column_padding_position=&#8221;all&#8221;...","og_url":"https:\/\/in-storemedia.com\/pt-pt\/conselho-de-administracao\/","og_site_name":"in-Store Media","article_modified_time":"2024-04-29T12:40:54+00:00","twitter_card":"summary_large_image","twitter_misc":{"Est. reading time":"4 minutes"},"schema":{"@context":"https:\/\/schema.org","@graph":[{"@type":"WebPage","@id":"https:\/\/in-storemedia.com\/pt-pt\/conselho-de-administracao\/","url":"https:\/\/in-storemedia.com\/pt-pt\/conselho-de-administracao\/","name":"Conselho de administra\u00e7\u00e3o | in-Store Media","isPartOf":{"@id":"\/#website"},"datePublished":"2022-04-19T08:13:57+00:00","dateModified":"2024-04-29T12:40:54+00:00","breadcrumb":{"@id":"https:\/\/in-storemedia.com\/pt-pt\/conselho-de-administracao\/#breadcrumb"},"inLanguage":"pt-PT","potentialAction":[{"@type":"ReadAction","target":["https:\/\/in-storemedia.com\/pt-pt\/conselho-de-administracao\/"]}]},{"@type":"BreadcrumbList","@id":"https:\/\/in-storemedia.com\/pt-pt\/conselho-de-administracao\/#breadcrumb","itemListElement":[{"@type":"ListItem","position":1,"name":"Portada","item":"https:\/\/in-storemedia.com\/"},{"@type":"ListItem","position":2,"name":"Conselho de administra\u00e7\u00e3o"}]},{"@type":"WebSite","@id":"\/#website","url":"\/","name":"in-Store Media","description":"Creadores del Retail Media","potentialAction":[{"@type":"SearchAction","target":{"@type":"EntryPoint","urlTemplate":"\/?s={search_term_string}"},"query-input":{"@type":"PropertyValueSpecification","valueRequired":true,"valueName":"search_term_string"}}],"inLanguage":"pt-PT"}]}},"_links":{"self":[{"href":"https:\/\/in-storemedia.com\/pt-pt\/wp-json\/wp\/v2\/pages\/8305","targetHints":{"allow":["GET"]}}],"collection":[{"href":"https:\/\/in-storemedia.com\/pt-pt\/wp-json\/wp\/v2\/pages"}],"about":[{"href":"https:\/\/in-storemedia.com\/pt-pt\/wp-json\/wp\/v2\/types\/page"}],"author":[{"embeddable":true,"href":"https:\/\/in-storemedia.com\/pt-pt\/wp-json\/wp\/v2\/users\/1"}],"replies":[{"embeddable":true,"href":"https:\/\/in-storemedia.com\/pt-pt\/wp-json\/wp\/v2\/comments?post=8305"}],"version-history":[{"count":5,"href":"https:\/\/in-storemedia.com\/pt-pt\/wp-json\/wp\/v2\/pages\/8305\/revisions"}],"predecessor-version":[{"id":8974,"href":"https:\/\/in-storemedia.com\/pt-pt\/wp-json\/wp\/v2\/pages\/8305\/revisions\/8974"}],"wp:attachment":[{"href":"https:\/\/in-storemedia.com\/pt-pt\/wp-json\/wp\/v2\/media?parent=8305"}],"curies":[{"name":"wp","href":"https:\/\/api.w.org\/{rel}","templated":true}]}}