{"id":8304,"date":"2022-04-19T08:13:57","date_gmt":"2022-04-19T08:13:57","guid":{"rendered":"https:\/\/in-storemedia.com\/consejo\/"},"modified":"2022-06-07T13:08:48","modified_gmt":"2022-06-07T13:08:48","slug":"zarzad","status":"publish","type":"page","link":"https:\/\/in-storemedia.com\/pl\/zarzad\/","title":{"rendered":"Zarz\u0105d"},"content":{"rendered":"[vc_row type=&#8221;full_width_background&#8221; full_screen_row_position=&#8221;middle&#8221; column_margin=&#8221;default&#8221; column_direction=&#8221;default&#8221; column_direction_tablet=&#8221;default&#8221; column_direction_phone=&#8221;default&#8221; bg_color=&#8221;#0278ca&#8221; bg_image=&#8221;5409&#8243; bg_position=&#8221;left top&#8221; background_image_loading=&#8221;default&#8221; bg_repeat=&#8221;no-repeat&#8221; scene_position=&#8221;center&#8221; top_padding=&#8221;6%&#8221; bottom_padding=&#8221;6%&#8221; text_color=&#8221;light&#8221; text_align=&#8221;center&#8221; row_border_radius=&#8221;none&#8221; row_border_radius_applies=&#8221;bg&#8221; color_overlay=&#8221;rgba(2,120,202,0.01)&#8221; overlay_strength=&#8221;0.5&#8243; gradient_direction=&#8221;left_to_right&#8221; shape_divider_position=&#8221;bottom&#8221; bg_image_animation=&#8221;none&#8221; shape_type=&#8221;&#8221;][vc_column column_padding=&#8221;no-extra-padding&#8221; column_padding_tablet=&#8221;inherit&#8221; column_padding_phone=&#8221;inherit&#8221; column_padding_position=&#8221;all&#8221; column_element_spacing=&#8221;default&#8221; background_color_opacity=&#8221;1&#8243; background_hover_color_opacity=&#8221;1&#8243; column_shadow=&#8221;none&#8221; column_border_radius=&#8221;none&#8221; column_link_target=&#8221;_self&#8221; gradient_direction=&#8221;left_to_right&#8221; overlay_strength=&#8221;0.3&#8243; width=&#8221;1\/1&#8243; tablet_width_inherit=&#8221;default&#8221; tablet_text_alignment=&#8221;default&#8221; phone_text_alignment=&#8221;default&#8221; bg_image_animation=&#8221;none&#8221; border_type=&#8221;simple&#8221; column_border_width=&#8221;none&#8221; column_border_style=&#8221;solid&#8221;][vc_column_text css=&#8221;.vc_custom_1654603995141{margin-top: 30px !important;}&#8221;]\n<h1 style=\"text-align: center;\">O nas<\/h1>\n[\/vc_column_text][\/vc_column][\/vc_row][vc_row type=&#8221;full_width_background&#8221; full_screen_row_position=&#8221;middle&#8221; column_margin=&#8221;default&#8221; column_direction=&#8221;default&#8221; column_direction_tablet=&#8221;default&#8221; column_direction_phone=&#8221;default&#8221; bg_color=&#8221;#e8e8e8&#8243; scene_position=&#8221;center&#8221; top_padding=&#8221;1%&#8221; bottom_padding=&#8221;1%&#8221; text_color=&#8221;dark&#8221; text_align=&#8221;left&#8221; row_border_radius=&#8221;none&#8221; row_border_radius_applies=&#8221;bg&#8221; overlay_strength=&#8221;0.3&#8243; gradient_direction=&#8221;left_to_right&#8221; shape_divider_position=&#8221;bottom&#8221; bg_image_animation=&#8221;none&#8221; shape_type=&#8221;&#8221;][vc_column column_padding=&#8221;no-extra-padding&#8221; column_padding_tablet=&#8221;inherit&#8221; column_padding_phone=&#8221;inherit&#8221; column_padding_position=&#8221;all&#8221; column_element_spacing=&#8221;default&#8221; centered_text=&#8221;true&#8221; background_color_opacity=&#8221;1&#8243; background_hover_color_opacity=&#8221;1&#8243; column_shadow=&#8221;none&#8221; column_border_radius=&#8221;none&#8221; column_link_target=&#8221;_self&#8221; gradient_direction=&#8221;left_to_right&#8221; overlay_strength=&#8221;0.3&#8243; width=&#8221;1\/1&#8243; tablet_width_inherit=&#8221;default&#8221; tablet_text_alignment=&#8221;default&#8221; phone_text_alignment=&#8221;default&#8221; bg_image_animation=&#8221;none&#8221; border_type=&#8221;simple&#8221; column_border_width=&#8221;none&#8221; column_border_style=&#8221;solid&#8221;][page_submenu alignment=&#8221;center&#8221; bg_color=&#8221;#e8e8e8&#8243; link_color=&#8221;#0278ca&#8221;][page_link link_url=&#8221;https:\/\/in-storemedia.com\/pl\/o-nas\/&#8221; title=&#8221;FIRMA&#8221; id=&#8221;1654607208559-1&#8243; tab_id=&#8221;1654607208565-6&#8243;] [\/page_link][page_link title=&#8221;ZESP\u00d3\u0141&#8221; id=&#8221;1654607208963-7&#8243; tab_id=&#8221;1654607208963-10&#8243; link_url=&#8221;https:\/\/in-storemedia.com\/pl\/zespol\/&#8221;] [\/page_link][page_link title=&#8221;ZARZ\u0104D&#8221; id=&#8221;1654607209026-9&#8243; tab_id=&#8221;1654607209026-7&#8243;][\/page_link][\/page_submenu][\/vc_column][\/vc_row][vc_row type=&#8221;full_width_background&#8221; full_screen_row_position=&#8221;middle&#8221; column_margin=&#8221;default&#8221; column_direction=&#8221;default&#8221; column_direction_tablet=&#8221;default&#8221; column_direction_phone=&#8221;default&#8221; bg_color=&#8221;#ffffff&#8221; scene_position=&#8221;center&#8221; text_color=&#8221;dark&#8221; text_align=&#8221;left&#8221; row_border_radius=&#8221;none&#8221; row_border_radius_applies=&#8221;bg&#8221; overlay_strength=&#8221;0.3&#8243; gradient_direction=&#8221;left_to_right&#8221; shape_divider_position=&#8221;bottom&#8221; bg_image_animation=&#8221;none&#8221; shape_type=&#8221;&#8221;][vc_column column_padding=&#8221;no-extra-padding&#8221; column_padding_tablet=&#8221;inherit&#8221; column_padding_phone=&#8221;inherit&#8221; column_padding_position=&#8221;all&#8221; column_element_spacing=&#8221;default&#8221; background_color_opacity=&#8221;1&#8243; background_hover_color_opacity=&#8221;1&#8243; column_shadow=&#8221;none&#8221; column_border_radius=&#8221;none&#8221; column_link_target=&#8221;_self&#8221; gradient_direction=&#8221;left_to_right&#8221; overlay_strength=&#8221;0.3&#8243; width=&#8221;1\/1&#8243; tablet_width_inherit=&#8221;default&#8221; tablet_text_alignment=&#8221;default&#8221; phone_text_alignment=&#8221;default&#8221; bg_image_animation=&#8221;none&#8221; border_type=&#8221;simple&#8221; column_border_width=&#8221;none&#8221; column_border_style=&#8221;solid&#8221;][divider line_type=&#8221;No Line&#8221; custom_height=&#8221;50px&#8221;][divider line_type=&#8221;No Line&#8221; custom_height=&#8221;50px&#8221;][vc_row_inner column_margin=&#8221;default&#8221; column_direction=&#8221;default&#8221; column_direction_tablet=&#8221;default&#8221; column_direction_phone=&#8221;default&#8221; text_align=&#8221;left&#8221;][vc_column_inner column_padding=&#8221;padding-3-percent&#8221; column_padding_tablet=&#8221;inherit&#8221; column_padding_phone=&#8221;inherit&#8221; column_padding_position=&#8221;all&#8221; column_element_spacing=&#8221;default&#8221; background_color_opacity=&#8221;1&#8243; background_hover_color_opacity=&#8221;1&#8243; column_shadow=&#8221;none&#8221; column_border_radius=&#8221;none&#8221; column_link_target=&#8221;_self&#8221; gradient_direction=&#8221;left_to_right&#8221; overlay_strength=&#8221;0.3&#8243; width=&#8221;1\/3&#8243; tablet_width_inherit=&#8221;default&#8221; bg_image_animation=&#8221;none&#8221; border_type=&#8221;simple&#8221; column_border_width=&#8221;none&#8221; column_border_style=&#8221;solid&#8221;][team_member image_url=&#8221;8219&#8243; bio_alt_image_url=&#8221;8214&#8243; team_memeber_style=&#8221;bio_fullscreen_alt&#8221; image_loading=&#8221;default&#8221; team_member_bio_full_html=&#8221;html&#8221; name=&#8221;Pablo Vil\u00e1 Torras&#8221; job_position=&#8221;Partner Za\u0142o\u017cyciel i Prezes&#8221; team_member_mini_bio=&#8221;25 lat do\u015bwiadczenia w zarz\u0105dzaniu i rozwoju biznesowym.&#8221;]<span style=\"color: #0278ca;\"><strong><span style=\"vertical-align: inherit;\"><span style=\"vertical-align: inherit;\">25 lat do\u015bwiadczenia w zarz\u0105dzaniu i rozwoju biznesowym.<\/span><\/span><\/strong><\/span><\/p>\n<p>Pablo pe\u0142ni\u0142 funkcj\u0119 CEO in-Store Media od jej powstania w 1998 do 2018 roku. Od 2019 roku kieruje Sp\u00f3\u0142k\u0105, kt\u00f3r\u0105 uzupe\u0142nia znacz\u0105c\u0105 wsp\u00f3\u0142prac\u0105 w innych firmach, a tak\u017ce z instytucjami spo\u0142ecznymi.<\/p>\n<p>Przed wsp\u00f3\u0142za\u0142o\u017ceniem in-Store Media (aby \u201ewskoczy\u0107 na w\u00f3z\u201d, jak lubi mawia\u0107), Pablo przez 5 lat pracowa\u0142 w mi\u0119dzynarodowych firmach, najpierw w Bankowo\u015bci Korporacyjnej w BBVA Paris, a nast\u0119pnie w Rozwoju Korporacyjnym w Grupie Planowania Medi\u00f3w Madryt, dzi\u015b Havas Group.<\/p>\n<p>Pablo posiada dyplom z Administracji i Zarz\u0105dzania Biznesem na ESADE oraz MBA na tym samym Uniwersytecie.<br \/>\n[\/team_member][\/vc_column_inner][vc_column_inner column_padding=&#8221;padding-3-percent&#8221; column_padding_tablet=&#8221;inherit&#8221; column_padding_phone=&#8221;inherit&#8221; column_padding_position=&#8221;all&#8221; column_element_spacing=&#8221;default&#8221; background_color_opacity=&#8221;1&#8243; background_hover_color_opacity=&#8221;1&#8243; column_shadow=&#8221;none&#8221; column_border_radius=&#8221;none&#8221; column_link_target=&#8221;_self&#8221; gradient_direction=&#8221;left_to_right&#8221; overlay_strength=&#8221;0.3&#8243; width=&#8221;1\/3&#8243; tablet_width_inherit=&#8221;default&#8221; bg_image_animation=&#8221;none&#8221; border_type=&#8221;simple&#8221; column_border_width=&#8221;none&#8221; column_border_style=&#8221;solid&#8221;][team_member image_url=&#8221;8020&#8243; bio_alt_image_url=&#8221;8015&#8243; team_memeber_style=&#8221;bio_fullscreen_alt&#8221; image_loading=&#8221;default&#8221; team_member_bio_full_html=&#8221;html&#8221; name=&#8221;iSP Holding&#8221; job_position=&#8221;Partner Za\u0142o\u017cyciel i Cz\u0142onek Zarz\u0105du&#8221; team_member_mini_bio=&#8221;Holding reklamowy z rodziny rod\u00e9s, lider na rynkach, na kt\u00f3rych dzia\u0142a.&#8221;]<span style=\"color: #0278ca;\"><strong>Holding reklamowy z rodziny rod\u00e9s, lider na rynkach, na kt\u00f3rych dzia\u0142a.<\/strong><\/span><\/p>\n<p>Reklamowa sp\u00f3\u0142ka holdingowa nale\u017c\u0105ca i zarz\u0105dzana przez rodzin\u0119 Rod\u00e9s, kt\u00f3ra jest r\u00f3wnie\u017c w\u0142a\u015bcicielem i operatorem mi\u0119dzy innymi iSPD. W Zarz\u0105dzie reprezentowany przez Gonzalo Rod\u00e9s Vil\u00e0, Alfonso Rod\u00e9s Vil\u00e0 i Jordi Ustrell Rivera.[\/team_member][\/vc_column_inner][vc_column_inner column_padding=&#8221;padding-3-percent&#8221; column_padding_tablet=&#8221;inherit&#8221; column_padding_phone=&#8221;inherit&#8221; column_padding_position=&#8221;all&#8221; column_element_spacing=&#8221;default&#8221; background_color_opacity=&#8221;1&#8243; background_hover_color_opacity=&#8221;1&#8243; column_shadow=&#8221;none&#8221; column_border_radius=&#8221;none&#8221; column_link_target=&#8221;_self&#8221; gradient_direction=&#8221;left_to_right&#8221; overlay_strength=&#8221;0.3&#8243; width=&#8221;1\/3&#8243; tablet_width_inherit=&#8221;default&#8221; bg_image_animation=&#8221;none&#8221; border_type=&#8221;simple&#8221; column_border_width=&#8221;none&#8221; column_border_style=&#8221;solid&#8221;][team_member image_url=&#8221;8158&#8243; bio_alt_image_url=&#8221;8153&#8243; team_memeber_style=&#8221;bio_fullscreen_alt&#8221; image_loading=&#8221;default&#8221; team_member_bio_full_html=&#8221;html&#8221; name=&#8221;Art\u00e1 Capital&#8221; job_position=&#8221;Partner, Cz\u0142onek Zarz\u0105du&#8221; team_member_mini_bio=&#8221;Korporacja prywatnego kapita\u0142u.&#8221;]<span style=\"color: #0278ca;\"><strong>Korporacja prywatnego kapita\u0142u.<\/strong><\/span><\/p>\n<p>Sp\u00f3\u0142ka prywatna, reprezentowana w Zarz\u0105dzie przez Nicol\u00e1s Jimenez-Ugarte Luelmo i Jaime Alba Ripoll\u00e9s.[\/team_member][\/vc_column_inner][\/vc_row_inner][\/vc_column][\/vc_row]\n","protected":false},"excerpt":{"rendered":"<p>[vc_row type=&#8221;full_width_background&#8221; full_screen_row_position=&#8221;middle&#8221; column_margin=&#8221;default&#8221; column_direction=&#8221;default&#8221; column_direction_tablet=&#8221;default&#8221; column_direction_phone=&#8221;default&#8221; bg_color=&#8221;#0278ca&#8221; bg_image=&#8221;5409&#8243; bg_position=&#8221;left top&#8221; background_image_loading=&#8221;default&#8221; bg_repeat=&#8221;no-repeat&#8221; scene_position=&#8221;center&#8221; top_padding=&#8221;6%&#8221; bottom_padding=&#8221;6%&#8221; text_color=&#8221;light&#8221; text_align=&#8221;center&#8221; row_border_radius=&#8221;none&#8221; row_border_radius_applies=&#8221;bg&#8221; color_overlay=&#8221;rgba(2,120,202,0.01)&#8221; overlay_strength=&#8221;0.5&#8243; gradient_direction=&#8221;left_to_right&#8221; shape_divider_position=&#8221;bottom&#8221; bg_image_animation=&#8221;none&#8221; shape_type=&#8221;&#8221;][vc_column column_padding=&#8221;no-extra-padding&#8221; column_padding_tablet=&#8221;inherit&#8221; column_padding_phone=&#8221;inherit&#8221; column_padding_position=&#8221;all&#8221;&#8230;<\/p>\n","protected":false},"author":1,"featured_media":0,"parent":0,"menu_order":0,"comment_status":"closed","ping_status":"closed","template":"","meta":{"footnotes":""},"class_list":["post-8304","page","type-page","status-publish"],"yoast_head":"<!-- This site is optimized with the Yoast SEO plugin v27.2 - https:\/\/yoast.com\/product\/yoast-seo-wordpress\/ -->\n<title>Zarz\u0105d | in-Store Media<\/title>\n<meta name=\"robots\" content=\"index, follow, max-snippet:-1, max-image-preview:large, max-video-preview:-1\" \/>\n<link rel=\"canonical\" href=\"https:\/\/in-storemedia.com\/pl\/zarzad\/\" \/>\n<meta property=\"og:locale\" content=\"pl_PL\" \/>\n<meta property=\"og:type\" content=\"article\" \/>\n<meta property=\"og:title\" content=\"Zarz\u0105d | in-Store Media\" \/>\n<meta property=\"og:description\" content=\"[vc_row type=&#8221;full_width_background&#8221; full_screen_row_position=&#8221;middle&#8221; column_margin=&#8221;default&#8221; column_direction=&#8221;default&#8221; column_direction_tablet=&#8221;default&#8221; column_direction_phone=&#8221;default&#8221; bg_color=&#8221;#0278ca&#8221; bg_image=&#8221;5409&#8243; bg_position=&#8221;left top&#8221; background_image_loading=&#8221;default&#8221; bg_repeat=&#8221;no-repeat&#8221; scene_position=&#8221;center&#8221; top_padding=&#8221;6%&#8221; bottom_padding=&#8221;6%&#8221; text_color=&#8221;light&#8221; text_align=&#8221;center&#8221; row_border_radius=&#8221;none&#8221; row_border_radius_applies=&#8221;bg&#8221; color_overlay=&#8221;rgba(2,120,202,0.01)&#8221; overlay_strength=&#8221;0.5&#8243; gradient_direction=&#8221;left_to_right&#8221; shape_divider_position=&#8221;bottom&#8221; bg_image_animation=&#8221;none&#8221; shape_type=&#8221;&#8221;][vc_column column_padding=&#8221;no-extra-padding&#8221; column_padding_tablet=&#8221;inherit&#8221; column_padding_phone=&#8221;inherit&#8221; column_padding_position=&#8221;all&#8221;...\" \/>\n<meta property=\"og:url\" content=\"https:\/\/in-storemedia.com\/pl\/zarzad\/\" \/>\n<meta property=\"og:site_name\" content=\"in-Store Media\" \/>\n<meta property=\"article:modified_time\" content=\"2022-06-07T13:08:48+00:00\" \/>\n<meta name=\"twitter:card\" content=\"summary_large_image\" \/>\n<meta name=\"twitter:label1\" content=\"Est. reading time\" \/>\n\t<meta name=\"twitter:data1\" content=\"2 minutes\" \/>\n<script type=\"application\/ld+json\" class=\"yoast-schema-graph\">{\"@context\":\"https:\/\/schema.org\",\"@graph\":[{\"@type\":\"WebPage\",\"@id\":\"https:\/\/in-storemedia.com\/pl\/zarzad\/\",\"url\":\"https:\/\/in-storemedia.com\/pl\/zarzad\/\",\"name\":\"Zarz\u0105d | in-Store Media\",\"isPartOf\":{\"@id\":\"\/#website\"},\"datePublished\":\"2022-04-19T08:13:57+00:00\",\"dateModified\":\"2022-06-07T13:08:48+00:00\",\"breadcrumb\":{\"@id\":\"https:\/\/in-storemedia.com\/pl\/zarzad\/#breadcrumb\"},\"inLanguage\":\"pl-PL\",\"potentialAction\":[{\"@type\":\"ReadAction\",\"target\":[\"https:\/\/in-storemedia.com\/pl\/zarzad\/\"]}]},{\"@type\":\"BreadcrumbList\",\"@id\":\"https:\/\/in-storemedia.com\/pl\/zarzad\/#breadcrumb\",\"itemListElement\":[{\"@type\":\"ListItem\",\"position\":1,\"name\":\"Portada\",\"item\":\"https:\/\/in-storemedia.com\/\"},{\"@type\":\"ListItem\",\"position\":2,\"name\":\"Zarz\u0105d\"}]},{\"@type\":\"WebSite\",\"@id\":\"\/#website\",\"url\":\"\/\",\"name\":\"in-Store Media\",\"description\":\"Creadores del Retail Media\",\"potentialAction\":[{\"@type\":\"SearchAction\",\"target\":{\"@type\":\"EntryPoint\",\"urlTemplate\":\"\/?s={search_term_string}\"},\"query-input\":{\"@type\":\"PropertyValueSpecification\",\"valueRequired\":true,\"valueName\":\"search_term_string\"}}],\"inLanguage\":\"pl-PL\"}]}<\/script>\n<!-- \/ Yoast SEO plugin. -->","yoast_head_json":{"title":"Zarz\u0105d | in-Store Media","robots":{"index":"index","follow":"follow","max-snippet":"max-snippet:-1","max-image-preview":"max-image-preview:large","max-video-preview":"max-video-preview:-1"},"canonical":"https:\/\/in-storemedia.com\/pl\/zarzad\/","og_locale":"pl_PL","og_type":"article","og_title":"Zarz\u0105d | in-Store Media","og_description":"[vc_row type=&#8221;full_width_background&#8221; full_screen_row_position=&#8221;middle&#8221; column_margin=&#8221;default&#8221; column_direction=&#8221;default&#8221; column_direction_tablet=&#8221;default&#8221; column_direction_phone=&#8221;default&#8221; bg_color=&#8221;#0278ca&#8221; bg_image=&#8221;5409&#8243; bg_position=&#8221;left top&#8221; background_image_loading=&#8221;default&#8221; bg_repeat=&#8221;no-repeat&#8221; scene_position=&#8221;center&#8221; top_padding=&#8221;6%&#8221; bottom_padding=&#8221;6%&#8221; text_color=&#8221;light&#8221; text_align=&#8221;center&#8221; row_border_radius=&#8221;none&#8221; row_border_radius_applies=&#8221;bg&#8221; color_overlay=&#8221;rgba(2,120,202,0.01)&#8221; overlay_strength=&#8221;0.5&#8243; gradient_direction=&#8221;left_to_right&#8221; shape_divider_position=&#8221;bottom&#8221; bg_image_animation=&#8221;none&#8221; shape_type=&#8221;&#8221;][vc_column column_padding=&#8221;no-extra-padding&#8221; column_padding_tablet=&#8221;inherit&#8221; column_padding_phone=&#8221;inherit&#8221; column_padding_position=&#8221;all&#8221;...","og_url":"https:\/\/in-storemedia.com\/pl\/zarzad\/","og_site_name":"in-Store Media","article_modified_time":"2022-06-07T13:08:48+00:00","twitter_card":"summary_large_image","twitter_misc":{"Est. reading time":"2 minutes"},"schema":{"@context":"https:\/\/schema.org","@graph":[{"@type":"WebPage","@id":"https:\/\/in-storemedia.com\/pl\/zarzad\/","url":"https:\/\/in-storemedia.com\/pl\/zarzad\/","name":"Zarz\u0105d | in-Store Media","isPartOf":{"@id":"\/#website"},"datePublished":"2022-04-19T08:13:57+00:00","dateModified":"2022-06-07T13:08:48+00:00","breadcrumb":{"@id":"https:\/\/in-storemedia.com\/pl\/zarzad\/#breadcrumb"},"inLanguage":"pl-PL","potentialAction":[{"@type":"ReadAction","target":["https:\/\/in-storemedia.com\/pl\/zarzad\/"]}]},{"@type":"BreadcrumbList","@id":"https:\/\/in-storemedia.com\/pl\/zarzad\/#breadcrumb","itemListElement":[{"@type":"ListItem","position":1,"name":"Portada","item":"https:\/\/in-storemedia.com\/"},{"@type":"ListItem","position":2,"name":"Zarz\u0105d"}]},{"@type":"WebSite","@id":"\/#website","url":"\/","name":"in-Store Media","description":"Creadores del Retail Media","potentialAction":[{"@type":"SearchAction","target":{"@type":"EntryPoint","urlTemplate":"\/?s={search_term_string}"},"query-input":{"@type":"PropertyValueSpecification","valueRequired":true,"valueName":"search_term_string"}}],"inLanguage":"pl-PL"}]}},"_links":{"self":[{"href":"https:\/\/in-storemedia.com\/pl\/wp-json\/wp\/v2\/pages\/8304","targetHints":{"allow":["GET"]}}],"collection":[{"href":"https:\/\/in-storemedia.com\/pl\/wp-json\/wp\/v2\/pages"}],"about":[{"href":"https:\/\/in-storemedia.com\/pl\/wp-json\/wp\/v2\/types\/page"}],"author":[{"embeddable":true,"href":"https:\/\/in-storemedia.com\/pl\/wp-json\/wp\/v2\/users\/1"}],"replies":[{"embeddable":true,"href":"https:\/\/in-storemedia.com\/pl\/wp-json\/wp\/v2\/comments?post=8304"}],"version-history":[{"count":4,"href":"https:\/\/in-storemedia.com\/pl\/wp-json\/wp\/v2\/pages\/8304\/revisions"}],"predecessor-version":[{"id":8341,"href":"https:\/\/in-storemedia.com\/pl\/wp-json\/wp\/v2\/pages\/8304\/revisions\/8341"}],"wp:attachment":[{"href":"https:\/\/in-storemedia.com\/pl\/wp-json\/wp\/v2\/media?parent=8304"}],"curies":[{"name":"wp","href":"https:\/\/api.w.org\/{rel}","templated":true}]}}