{"id":9487,"date":"2024-10-03T09:25:14","date_gmt":"2024-10-03T09:25:14","guid":{"rendered":"https:\/\/in-storemedia.com\/avviso-legale\/"},"modified":"2024-10-03T09:25:14","modified_gmt":"2024-10-03T09:25:14","slug":"avviso-legale","status":"publish","type":"page","link":"https:\/\/in-storemedia.com\/it\/avviso-legale\/","title":{"rendered":"Avviso Legale"},"content":{"rendered":"[vc_row type=&#8221;full_width_background&#8221; full_screen_row_position=&#8221;middle&#8221; column_margin=&#8221;default&#8221; column_direction=&#8221;default&#8221; column_direction_tablet=&#8221;default&#8221; column_direction_phone=&#8221;default&#8221; bg_color=&#8221;#0278ca&#8221; bg_image=&#8221;5405&#8243; bg_position=&#8221;left top&#8221; background_image_loading=&#8221;default&#8221; bg_repeat=&#8221;no-repeat&#8221; scene_position=&#8221;center&#8221; top_padding=&#8221;7%&#8221; bottom_padding=&#8221;8%&#8221; text_color=&#8221;light&#8221; text_align=&#8221;center&#8221; row_border_radius=&#8221;none&#8221; row_border_radius_applies=&#8221;bg&#8221; color_overlay=&#8221;rgba(0,0,0,0.01)&#8221; overlay_strength=&#8221;0.3&#8243; gradient_direction=&#8221;left_to_right&#8221; shape_divider_position=&#8221;bottom&#8221; bg_image_animation=&#8221;none&#8221; shape_type=&#8221;&#8221;][vc_column column_padding=&#8221;no-extra-padding&#8221; column_padding_tablet=&#8221;inherit&#8221; column_padding_phone=&#8221;inherit&#8221; column_padding_position=&#8221;all&#8221; column_element_spacing=&#8221;default&#8221; background_color_opacity=&#8221;1&#8243; background_hover_color_opacity=&#8221;1&#8243; column_shadow=&#8221;none&#8221; column_border_radius=&#8221;none&#8221; column_link_target=&#8221;_self&#8221; gradient_direction=&#8221;left_to_right&#8221; overlay_strength=&#8221;0.3&#8243; width=&#8221;1\/1&#8243; tablet_width_inherit=&#8221;default&#8221; tablet_text_alignment=&#8221;default&#8221; phone_text_alignment=&#8221;default&#8221; bg_image_animation=&#8221;none&#8221; border_type=&#8221;simple&#8221; column_border_width=&#8221;none&#8221; column_border_style=&#8221;solid&#8221;][vc_column_text css=&#8221;.vc_custom_1653421228635{padding-top: 50px !important;}&#8221;]\n<h1 style=\"text-align: center;\"><span style=\"color: #ffffff;\">Avviso Legale<\/span><\/h1>\n[\/vc_column_text][\/vc_column][\/vc_row][vc_row type=&#8221;in_container&#8221; full_screen_row_position=&#8221;middle&#8221; column_margin=&#8221;default&#8221; column_direction=&#8221;default&#8221; column_direction_tablet=&#8221;default&#8221; column_direction_phone=&#8221;default&#8221; scene_position=&#8221;center&#8221; text_color=&#8221;dark&#8221; text_align=&#8221;left&#8221; row_border_radius=&#8221;none&#8221; row_border_radius_applies=&#8221;bg&#8221; overlay_strength=&#8221;0.3&#8243; gradient_direction=&#8221;left_to_right&#8221; shape_divider_position=&#8221;bottom&#8221; bg_image_animation=&#8221;none&#8221;][vc_column column_padding=&#8221;no-extra-padding&#8221; column_padding_tablet=&#8221;inherit&#8221; column_padding_phone=&#8221;inherit&#8221; column_padding_position=&#8221;all&#8221; column_element_spacing=&#8221;default&#8221; background_color_opacity=&#8221;1&#8243; background_hover_color_opacity=&#8221;1&#8243; column_shadow=&#8221;none&#8221; column_border_radius=&#8221;none&#8221; column_link_target=&#8221;_self&#8221; gradient_direction=&#8221;left_to_right&#8221; overlay_strength=&#8221;0.3&#8243; width=&#8221;1\/6&#8243; tablet_width_inherit=&#8221;default&#8221; tablet_text_alignment=&#8221;default&#8221; phone_text_alignment=&#8221;default&#8221; bg_image_animation=&#8221;none&#8221; border_type=&#8221;simple&#8221; column_border_width=&#8221;none&#8221; column_border_style=&#8221;solid&#8221;][\/vc_column][vc_column column_padding=&#8221;no-extra-padding&#8221; column_padding_tablet=&#8221;inherit&#8221; column_padding_phone=&#8221;inherit&#8221; column_padding_position=&#8221;all&#8221; column_element_spacing=&#8221;default&#8221; background_color_opacity=&#8221;1&#8243; background_hover_color_opacity=&#8221;1&#8243; column_shadow=&#8221;none&#8221; column_border_radius=&#8221;none&#8221; column_link_target=&#8221;_self&#8221; gradient_direction=&#8221;left_to_right&#8221; overlay_strength=&#8221;0.3&#8243; width=&#8221;2\/3&#8243; tablet_width_inherit=&#8221;default&#8221; tablet_text_alignment=&#8221;default&#8221; phone_text_alignment=&#8221;default&#8221; bg_image_animation=&#8221;none&#8221; border_type=&#8221;simple&#8221; column_border_width=&#8221;none&#8221; column_border_style=&#8221;solid&#8221;][divider line_type=&#8221;No Line&#8221; custom_height=&#8221;50px&#8221;][vc_column_text]Il presente Avviso Legale (di seguito, &#8220;l&#8217;Avviso legale&#8221;) disciplina l&#8217;ingresso e l&#8217;utilizzo del sito web, accessibile mediante il nome di dominio www.in-storemedia.com e i suoi sottodomini (di seguito, &#8220;il Sito&#8221;). Il semplice accesso al Sito conferisce, a chi lo effettua, la condizione di utente dello stesso (di seguito, &#8220;l&#8217;Utente&#8221;). Se l&#8217;Utente non \u00e8 d&#8217;accordo con il presente Avviso Legale, deve abbandonare immediatamente il Sito senza utilizzarlo. Mediante il consenso fornito al presente Avviso Legale, l&#8217;Utente dichiara: a) di aver letto, compreso e accettato quanto sopra; b) di essere maggiorenne. <strong>1. Informazioni generali sul Sito<\/strong> Di seguito, sono riportate le informazioni generali sul Sito: Titolare: In Store Media S.A. (di seguito indicata con il suo nome commerciale &#8220;IN-STORE MEDIA&#8221;).<br \/>Sede e stabilimento: Madrid \u2013 28046, Paseo de la Castellana 86, 9\u00aa planta P. IVA: A82007188 Email: info.spain@in-storemedia.com Telefono: +34 915 640 925 Dati di registrazione: iscritta al Registro delle Imprese di Madrid, Tomo 13.073, Foglio 89, Pagina M-211178, Iscrizione 19\u00aa. <strong>2. Accesso al Sito<\/strong> Il semplice accesso al Sito \u00e8 gratuito, a eccezione dei costi di connessione alla rete di telecomunicazioni prestata dal fornitore di accesso sottoscritto dall&#8217;Utente. <strong>3. Contenuti e servizi collegati tramite il Sito<\/strong> Il Sito pu\u00f2 contenere dispositivi tecnici di collegamento, directory e strumenti di ricerca che consentano all&#8217;Utente di accedere ad altri siti e portali Internet (di seguito, &#8220;Siti Collegati&#8221;). In tali casi, IN-STORE MEDIA sar\u00e0 responsabile dei contenuti e dei servizi forniti dai Siti Collegati solo nella misura in cui sia effettivamente a conoscenza della loro natura illecita e non abbia disattivato il collegamento agli stessi con la dovuta diligenza. Qualora l&#8217;Utente ritenga che esista un Sito Collegato con contenuti illeciti o inappropriati, pu\u00f2 comunicarlo a IN-STORE MEDIA. L&#8217;esistenza di Siti Collegati non presuppone in nessun caso la formalizzazione di accordi tra IN-STORE MEDIA e i responsabili o titolari degli stessi, n\u00e9 la raccomandazione o la promozione dei Siti Collegati e\/o dei loro contenuti da parte di IN-STORE MEDIA. Salvo espressa indicazione contraria sul Sito, IN-STORE MEDIA non \u00e8 a conoscenza dei contenuti e dei servizi dei Siti Collegati e, pertanto, non \u00e8 responsabile dei danni che questi possano causare all&#8217;Utente o a terzi. <strong>4. Propriet\u00e0 intellettuale e industriale <\/strong>Tutti i contenuti del Sito, compresi, a titolo esemplificativo e non esaustivo, i testi, le fotografie, i grafici, le immagini, le icone, la tecnologia, il software, i link e altri contenuti audiovisivi o sonori, nonch\u00e9 il design grafico e i codici sorgente, sono di propriet\u00e0 intellettuale di IN-STORE MEDIA o di terzi licenziatari, e non pu\u00f2 intendersi trasferito all&#8217;Utente nessuno dei diritti di sfruttamento sugli stessi riconosciuto dalla normativa vigente in materia di propriet\u00e0 intellettuale. I marchi, i nomi commerciali e gli altri segni distintivi pubblicati sul Sito sono di propriet\u00e0 di IN-STORE MEDIA o di terzi licenzianti e\/o licenziatari, e non pu\u00f2 considerarsi assegnato all&#8217;Utente alcun diritto sugli stessi.              I marchi, i nomi commerciali e gli altri segni distintivi pubblicati sul Sito sono di propriet\u00e0 di IN-STORE MEDIA o di terzi licenzianti e\/o licenziatari, e non pu\u00f2 considerarsi assegnato all&#8217;Utente alcun diritto sugli stessi. <strong>5. Password<\/strong> L&#8217;Utente \u00e8 responsabile in ogni momento della custodia della propria password e dovr\u00e0 assumersi eventuali danni derivanti dall&#8217;uso improprio, dalla cessione, dalla divulgazione o dalla perdita della stessa. A tal fine, l&#8217;accesso alle aree riservate e\/o l&#8217;utilizzo dei servizi e dei contenuti del Sito effettuati con la sua password sar\u00e0 considerato come effettuato dall&#8217;Utente. <strong>6. Nullit\u00e0 e inefficacia delle clausole<\/strong> Se una clausola inclusa nel presente Avviso Legale viene dichiarata totalmente o parzialmente nulla o inefficace, tale nullit\u00e0 o inefficacia riguarder\u00e0 solo tale disposizione o la parte nulla o inefficace della stessa, mentre il presente Avviso Legale rimarr\u00e0 in vigore per tutti gli altri aspetti e tale disposizione sar\u00e0 considerata totalmente o parzialmente non inclusa. <strong>7. Legislazione applicabile<\/strong> Il presente Avviso Legale sar\u00e0 disciplinato e interpretato in conformit\u00e0 alla legislazione spagnola.   [\/vc_column_text][\/vc_column][vc_column column_padding=&#8221;no-extra-padding&#8221; column_padding_tablet=&#8221;inherit&#8221; column_padding_phone=&#8221;inherit&#8221; column_padding_position=&#8221;all&#8221; column_element_spacing=&#8221;default&#8221; background_color_opacity=&#8221;1&#8243; background_hover_color_opacity=&#8221;1&#8243; column_shadow=&#8221;none&#8221; column_border_radius=&#8221;none&#8221; column_link_target=&#8221;_self&#8221; gradient_direction=&#8221;left_to_right&#8221; overlay_strength=&#8221;0.3&#8243; width=&#8221;1\/6&#8243; tablet_width_inherit=&#8221;default&#8221; tablet_text_alignment=&#8221;default&#8221; phone_text_alignment=&#8221;default&#8221; bg_image_animation=&#8221;none&#8221; border_type=&#8221;simple&#8221; column_border_width=&#8221;none&#8221; column_border_style=&#8221;solid&#8221;][\/vc_column][\/vc_row]\n","protected":false},"excerpt":{"rendered":"<p>[vc_row type=&#8221;full_width_background&#8221; full_screen_row_position=&#8221;middle&#8221; column_margin=&#8221;default&#8221; column_direction=&#8221;default&#8221; column_direction_tablet=&#8221;default&#8221; column_direction_phone=&#8221;default&#8221; bg_color=&#8221;#0278ca&#8221; bg_image=&#8221;5405&#8243; bg_position=&#8221;left top&#8221; background_image_loading=&#8221;default&#8221; bg_repeat=&#8221;no-repeat&#8221; scene_position=&#8221;center&#8221; top_padding=&#8221;7%&#8221; bottom_padding=&#8221;8%&#8221; text_color=&#8221;light&#8221; text_align=&#8221;center&#8221; row_border_radius=&#8221;none&#8221; row_border_radius_applies=&#8221;bg&#8221; color_overlay=&#8221;rgba(0,0,0,0.01)&#8221; overlay_strength=&#8221;0.3&#8243; gradient_direction=&#8221;left_to_right&#8221; shape_divider_position=&#8221;bottom&#8221; bg_image_animation=&#8221;none&#8221; shape_type=&#8221;&#8221;][vc_column column_padding=&#8221;no-extra-padding&#8221; column_padding_tablet=&#8221;inherit&#8221; column_padding_phone=&#8221;inherit&#8221; column_padding_position=&#8221;all&#8221;&#8230;<\/p>\n","protected":false},"author":1,"featured_media":0,"parent":0,"menu_order":0,"comment_status":"closed","ping_status":"closed","template":"","meta":{"footnotes":""},"class_list":["post-9487","page","type-page","status-publish"],"yoast_head":"<!-- This site is optimized with the Yoast SEO plugin v27.2 - https:\/\/yoast.com\/product\/yoast-seo-wordpress\/ -->\n<title>Avviso Legale | in-Store Media<\/title>\n<meta name=\"robots\" content=\"index, follow, max-snippet:-1, max-image-preview:large, max-video-preview:-1\" \/>\n<link rel=\"canonical\" href=\"https:\/\/in-storemedia.com\/avviso-legale\/\" \/>\n<meta property=\"og:locale\" content=\"it_IT\" \/>\n<meta property=\"og:type\" content=\"article\" \/>\n<meta property=\"og:title\" content=\"Avviso Legale | in-Store Media\" \/>\n<meta property=\"og:description\" content=\"[vc_row type=&#8221;full_width_background&#8221; full_screen_row_position=&#8221;middle&#8221; column_margin=&#8221;default&#8221; column_direction=&#8221;default&#8221; column_direction_tablet=&#8221;default&#8221; column_direction_phone=&#8221;default&#8221; bg_color=&#8221;#0278ca&#8221; bg_image=&#8221;5405&#8243; bg_position=&#8221;left top&#8221; background_image_loading=&#8221;default&#8221; bg_repeat=&#8221;no-repeat&#8221; scene_position=&#8221;center&#8221; top_padding=&#8221;7%&#8221; bottom_padding=&#8221;8%&#8221; text_color=&#8221;light&#8221; text_align=&#8221;center&#8221; row_border_radius=&#8221;none&#8221; row_border_radius_applies=&#8221;bg&#8221; color_overlay=&#8221;rgba(0,0,0,0.01)&#8221; overlay_strength=&#8221;0.3&#8243; gradient_direction=&#8221;left_to_right&#8221; shape_divider_position=&#8221;bottom&#8221; bg_image_animation=&#8221;none&#8221; shape_type=&#8221;&#8221;][vc_column column_padding=&#8221;no-extra-padding&#8221; column_padding_tablet=&#8221;inherit&#8221; column_padding_phone=&#8221;inherit&#8221; column_padding_position=&#8221;all&#8221;...\" \/>\n<meta property=\"og:url\" content=\"https:\/\/in-storemedia.com\/avviso-legale\/\" \/>\n<meta property=\"og:site_name\" content=\"in-Store Media\" \/>\n<meta name=\"twitter:card\" content=\"summary_large_image\" \/>\n<meta name=\"twitter:label1\" content=\"Est. reading time\" \/>\n\t<meta name=\"twitter:data1\" content=\"6 minutes\" \/>\n<script type=\"application\/ld+json\" class=\"yoast-schema-graph\">{\"@context\":\"https:\/\/schema.org\",\"@graph\":[{\"@type\":\"WebPage\",\"@id\":\"https:\/\/in-storemedia.com\/avviso-legale\/\",\"url\":\"https:\/\/in-storemedia.com\/avviso-legale\/\",\"name\":\"Avviso Legale | in-Store Media\",\"isPartOf\":{\"@id\":\"\/#website\"},\"datePublished\":\"2024-10-03T09:25:14+00:00\",\"breadcrumb\":{\"@id\":\"https:\/\/in-storemedia.com\/avviso-legale\/#breadcrumb\"},\"inLanguage\":\"it-IT\",\"potentialAction\":[{\"@type\":\"ReadAction\",\"target\":[\"https:\/\/in-storemedia.com\/avviso-legale\/\"]}]},{\"@type\":\"BreadcrumbList\",\"@id\":\"https:\/\/in-storemedia.com\/avviso-legale\/#breadcrumb\",\"itemListElement\":[{\"@type\":\"ListItem\",\"position\":1,\"name\":\"Portada\",\"item\":\"https:\/\/in-storemedia.com\/\"},{\"@type\":\"ListItem\",\"position\":2,\"name\":\"Avviso Legale\"}]},{\"@type\":\"WebSite\",\"@id\":\"\/#website\",\"url\":\"\/\",\"name\":\"in-Store Media\",\"description\":\"Creadores del Retail Media\",\"potentialAction\":[{\"@type\":\"SearchAction\",\"target\":{\"@type\":\"EntryPoint\",\"urlTemplate\":\"\/?s={search_term_string}\"},\"query-input\":{\"@type\":\"PropertyValueSpecification\",\"valueRequired\":true,\"valueName\":\"search_term_string\"}}],\"inLanguage\":\"it-IT\"}]}<\/script>\n<!-- \/ Yoast SEO plugin. -->","yoast_head_json":{"title":"Avviso Legale | in-Store Media","robots":{"index":"index","follow":"follow","max-snippet":"max-snippet:-1","max-image-preview":"max-image-preview:large","max-video-preview":"max-video-preview:-1"},"canonical":"https:\/\/in-storemedia.com\/avviso-legale\/","og_locale":"it_IT","og_type":"article","og_title":"Avviso Legale | in-Store Media","og_description":"[vc_row type=&#8221;full_width_background&#8221; full_screen_row_position=&#8221;middle&#8221; column_margin=&#8221;default&#8221; column_direction=&#8221;default&#8221; column_direction_tablet=&#8221;default&#8221; column_direction_phone=&#8221;default&#8221; bg_color=&#8221;#0278ca&#8221; bg_image=&#8221;5405&#8243; bg_position=&#8221;left top&#8221; background_image_loading=&#8221;default&#8221; bg_repeat=&#8221;no-repeat&#8221; scene_position=&#8221;center&#8221; top_padding=&#8221;7%&#8221; bottom_padding=&#8221;8%&#8221; text_color=&#8221;light&#8221; text_align=&#8221;center&#8221; row_border_radius=&#8221;none&#8221; row_border_radius_applies=&#8221;bg&#8221; color_overlay=&#8221;rgba(0,0,0,0.01)&#8221; overlay_strength=&#8221;0.3&#8243; gradient_direction=&#8221;left_to_right&#8221; shape_divider_position=&#8221;bottom&#8221; bg_image_animation=&#8221;none&#8221; shape_type=&#8221;&#8221;][vc_column column_padding=&#8221;no-extra-padding&#8221; column_padding_tablet=&#8221;inherit&#8221; column_padding_phone=&#8221;inherit&#8221; column_padding_position=&#8221;all&#8221;...","og_url":"https:\/\/in-storemedia.com\/avviso-legale\/","og_site_name":"in-Store Media","twitter_card":"summary_large_image","twitter_misc":{"Est. reading time":"6 minutes"},"schema":{"@context":"https:\/\/schema.org","@graph":[{"@type":"WebPage","@id":"https:\/\/in-storemedia.com\/avviso-legale\/","url":"https:\/\/in-storemedia.com\/avviso-legale\/","name":"Avviso Legale | in-Store Media","isPartOf":{"@id":"\/#website"},"datePublished":"2024-10-03T09:25:14+00:00","breadcrumb":{"@id":"https:\/\/in-storemedia.com\/avviso-legale\/#breadcrumb"},"inLanguage":"it-IT","potentialAction":[{"@type":"ReadAction","target":["https:\/\/in-storemedia.com\/avviso-legale\/"]}]},{"@type":"BreadcrumbList","@id":"https:\/\/in-storemedia.com\/avviso-legale\/#breadcrumb","itemListElement":[{"@type":"ListItem","position":1,"name":"Portada","item":"https:\/\/in-storemedia.com\/"},{"@type":"ListItem","position":2,"name":"Avviso Legale"}]},{"@type":"WebSite","@id":"\/#website","url":"\/","name":"in-Store Media","description":"Creadores del Retail Media","potentialAction":[{"@type":"SearchAction","target":{"@type":"EntryPoint","urlTemplate":"\/?s={search_term_string}"},"query-input":{"@type":"PropertyValueSpecification","valueRequired":true,"valueName":"search_term_string"}}],"inLanguage":"it-IT"}]}},"_links":{"self":[{"href":"https:\/\/in-storemedia.com\/it\/wp-json\/wp\/v2\/pages\/9487","targetHints":{"allow":["GET"]}}],"collection":[{"href":"https:\/\/in-storemedia.com\/it\/wp-json\/wp\/v2\/pages"}],"about":[{"href":"https:\/\/in-storemedia.com\/it\/wp-json\/wp\/v2\/types\/page"}],"author":[{"embeddable":true,"href":"https:\/\/in-storemedia.com\/it\/wp-json\/wp\/v2\/users\/1"}],"replies":[{"embeddable":true,"href":"https:\/\/in-storemedia.com\/it\/wp-json\/wp\/v2\/comments?post=9487"}],"version-history":[{"count":0,"href":"https:\/\/in-storemedia.com\/it\/wp-json\/wp\/v2\/pages\/9487\/revisions"}],"wp:attachment":[{"href":"https:\/\/in-storemedia.com\/it\/wp-json\/wp\/v2\/media?parent=9487"}],"curies":[{"name":"wp","href":"https:\/\/api.w.org\/{rel}","templated":true}]}}