{"id":8243,"date":"2022-04-19T08:13:57","date_gmt":"2022-04-19T08:13:57","guid":{"rendered":"https:\/\/webdev.in-storemedia.com\/consejo\/"},"modified":"2024-04-29T12:37:09","modified_gmt":"2024-04-29T12:37:09","slug":"board","status":"publish","type":"page","link":"https:\/\/in-storemedia.com\/en\/board\/","title":{"rendered":"Board"},"content":{"rendered":"[vc_row type=&#8221;full_width_background&#8221; full_screen_row_position=&#8221;middle&#8221; column_margin=&#8221;default&#8221; column_direction=&#8221;default&#8221; column_direction_tablet=&#8221;default&#8221; column_direction_phone=&#8221;default&#8221; bg_color=&#8221;#0278ca&#8221; bg_image=&#8221;5409&#8243; bg_position=&#8221;left top&#8221; background_image_loading=&#8221;default&#8221; bg_repeat=&#8221;no-repeat&#8221; scene_position=&#8221;center&#8221; top_padding=&#8221;6%&#8221; bottom_padding=&#8221;6%&#8221; text_color=&#8221;light&#8221; text_align=&#8221;center&#8221; row_border_radius=&#8221;none&#8221; row_border_radius_applies=&#8221;bg&#8221; color_overlay=&#8221;rgba(2,120,202,0.01)&#8221; overlay_strength=&#8221;0.5&#8243; gradient_direction=&#8221;left_to_right&#8221; shape_divider_position=&#8221;bottom&#8221; bg_image_animation=&#8221;none&#8221; shape_type=&#8221;&#8221;][vc_column column_padding=&#8221;no-extra-padding&#8221; column_padding_tablet=&#8221;inherit&#8221; column_padding_phone=&#8221;inherit&#8221; column_padding_position=&#8221;all&#8221; column_element_spacing=&#8221;default&#8221; background_color_opacity=&#8221;1&#8243; background_hover_color_opacity=&#8221;1&#8243; column_shadow=&#8221;none&#8221; column_border_radius=&#8221;none&#8221; column_link_target=&#8221;_self&#8221; gradient_direction=&#8221;left_to_right&#8221; overlay_strength=&#8221;0.3&#8243; width=&#8221;1\/1&#8243; tablet_width_inherit=&#8221;default&#8221; tablet_text_alignment=&#8221;default&#8221; phone_text_alignment=&#8221;default&#8221; bg_image_animation=&#8221;none&#8221; border_type=&#8221;simple&#8221; column_border_width=&#8221;none&#8221; column_border_style=&#8221;solid&#8221;][vc_column_text css=&#8221;.vc_custom_1653417346370{margin-top: 30px !important;}&#8221;]\n<h1 style=\"text-align: center;\">About us<\/h1>\n[\/vc_column_text][\/vc_column][\/vc_row][vc_row type=&#8221;full_width_background&#8221; full_screen_row_position=&#8221;middle&#8221; column_margin=&#8221;default&#8221; column_direction=&#8221;default&#8221; column_direction_tablet=&#8221;default&#8221; column_direction_phone=&#8221;default&#8221; bg_color=&#8221;#e8e8e8&#8243; scene_position=&#8221;center&#8221; top_padding=&#8221;1%&#8221; bottom_padding=&#8221;1%&#8221; text_color=&#8221;dark&#8221; text_align=&#8221;left&#8221; row_border_radius=&#8221;none&#8221; row_border_radius_applies=&#8221;bg&#8221; overlay_strength=&#8221;0.3&#8243; gradient_direction=&#8221;left_to_right&#8221; shape_divider_position=&#8221;bottom&#8221; bg_image_animation=&#8221;none&#8221; shape_type=&#8221;&#8221;][vc_column column_padding=&#8221;no-extra-padding&#8221; column_padding_tablet=&#8221;inherit&#8221; column_padding_phone=&#8221;inherit&#8221; column_padding_position=&#8221;all&#8221; column_element_spacing=&#8221;default&#8221; centered_text=&#8221;true&#8221; background_color_opacity=&#8221;1&#8243; background_hover_color_opacity=&#8221;1&#8243; column_shadow=&#8221;none&#8221; column_border_radius=&#8221;none&#8221; column_link_target=&#8221;_self&#8221; gradient_direction=&#8221;left_to_right&#8221; overlay_strength=&#8221;0.3&#8243; width=&#8221;1\/1&#8243; tablet_width_inherit=&#8221;default&#8221; tablet_text_alignment=&#8221;default&#8221; phone_text_alignment=&#8221;default&#8221; bg_image_animation=&#8221;none&#8221; border_type=&#8221;simple&#8221; column_border_width=&#8221;none&#8221; column_border_style=&#8221;solid&#8221;][page_submenu alignment=&#8221;center&#8221; bg_color=&#8221;#e8e8e8&#8243; link_color=&#8221;#0278ca&#8221;][page_link link_url=&#8221;https:\/\/in-storemedia.com\/en\/company\/&#8221; title=&#8221;COMPANY&#8221; id=&#8221;1714394152077-1&#8243; tab_id=&#8221;1714394152077-10&#8243;] [\/page_link][page_link title=&#8221;TEAM&#8221; id=&#8221;1714394152113-6&#8243; tab_id=&#8221;1714394152113-3&#8243; link_url=&#8221;https:\/\/in-storemedia.com\/en\/team\/&#8221;] [\/page_link][page_link title=&#8221;BOARD&#8221; id=&#8221;1714394152121-4&#8243; tab_id=&#8221;1714394152122-8&#8243;][\/page_link][\/page_submenu][\/vc_column][\/vc_row][vc_row type=&#8221;full_width_background&#8221; full_screen_row_position=&#8221;middle&#8221; column_margin=&#8221;default&#8221; column_direction=&#8221;default&#8221; column_direction_tablet=&#8221;default&#8221; column_direction_phone=&#8221;default&#8221; bg_color=&#8221;#ffffff&#8221; scene_position=&#8221;center&#8221; text_color=&#8221;dark&#8221; text_align=&#8221;left&#8221; row_border_radius=&#8221;none&#8221; row_border_radius_applies=&#8221;bg&#8221; overlay_strength=&#8221;0.3&#8243; gradient_direction=&#8221;left_to_right&#8221; shape_divider_position=&#8221;bottom&#8221; bg_image_animation=&#8221;none&#8221; shape_type=&#8221;&#8221;][vc_column column_padding=&#8221;no-extra-padding&#8221; column_padding_tablet=&#8221;inherit&#8221; column_padding_phone=&#8221;inherit&#8221; column_padding_position=&#8221;all&#8221; column_element_spacing=&#8221;default&#8221; background_color_opacity=&#8221;1&#8243; background_hover_color_opacity=&#8221;1&#8243; column_shadow=&#8221;none&#8221; column_border_radius=&#8221;none&#8221; column_link_target=&#8221;_self&#8221; gradient_direction=&#8221;left_to_right&#8221; overlay_strength=&#8221;0.3&#8243; width=&#8221;1\/1&#8243; tablet_width_inherit=&#8221;default&#8221; tablet_text_alignment=&#8221;default&#8221; phone_text_alignment=&#8221;default&#8221; bg_image_animation=&#8221;none&#8221; border_type=&#8221;simple&#8221; column_border_width=&#8221;none&#8221; column_border_style=&#8221;solid&#8221;][divider line_type=&#8221;No Line&#8221; custom_height=&#8221;50px&#8221;][divider line_type=&#8221;No Line&#8221; custom_height=&#8221;50px&#8221;][vc_row_inner column_margin=&#8221;default&#8221; column_direction=&#8221;default&#8221; column_direction_tablet=&#8221;default&#8221; column_direction_phone=&#8221;default&#8221; text_align=&#8221;left&#8221;][vc_column_inner column_padding=&#8221;padding-3-percent&#8221; column_padding_tablet=&#8221;inherit&#8221; column_padding_phone=&#8221;inherit&#8221; column_padding_position=&#8221;all&#8221; column_element_spacing=&#8221;default&#8221; background_color_opacity=&#8221;1&#8243; background_hover_color_opacity=&#8221;1&#8243; column_shadow=&#8221;none&#8221; column_border_radius=&#8221;none&#8221; column_link_target=&#8221;_self&#8221; gradient_direction=&#8221;left_to_right&#8221; overlay_strength=&#8221;0.3&#8243; width=&#8221;1\/3&#8243; tablet_width_inherit=&#8221;default&#8221; bg_image_animation=&#8221;none&#8221; border_type=&#8221;simple&#8221; column_border_width=&#8221;none&#8221; column_border_style=&#8221;solid&#8221;][team_member image_url=&#8221;8219&#8243; bio_alt_image_url=&#8221;8214&#8243; team_memeber_style=&#8221;bio_fullscreen_alt&#8221; image_loading=&#8221;default&#8221; team_member_bio_full_html=&#8221;html&#8221; name=&#8221;Pablo Vil\u00e1 Torras&#8221; job_position=&#8221;FOUNDING PARTNER AND BOARD MEMBER &#8221; team_member_mini_bio=&#8221;25 years\u2019 management and business development experience.&#8221;]<span style=\"color: #0278ca;\"><strong><span style=\"vertical-align: inherit;\"><span style=\"vertical-align: inherit;\">25 years\u2019 management and business development experience.<\/span><\/span><\/strong><\/span><\/p>\n<p>Pablo held the position of CEO of in-Store Media from its creation in 1998 until 2018. From 2019 onwards, he chaired the Company, a role he complemented with significant collaborations at other companies, as well as with social institutions. Starting in 2024, Pablo serves solely as a board member of the group.<\/p>\n<p><span style=\"vertical-align: inherit;\"><span style=\"vertical-align: inherit;\">Before co-founding in-Store Media (to &#8220;jump on the wagon&#8221; as he likes to say), Pablo worked for 5 years in multinational companies, first in Corporate Banking at BBVA Paris and after in Corporate Development at Media Planning Group Madrid, today Havas Group.<\/span><\/span><\/p>\n<p><span style=\"vertical-align: inherit;\"><span style=\"vertical-align: inherit;\">Pablo holds a degree in Business Administration and Management from ESADE and an MBA from the same University.<\/span><\/span>[\/team_member][\/vc_column_inner][vc_column_inner column_padding=&#8221;padding-3-percent&#8221; column_padding_tablet=&#8221;inherit&#8221; column_padding_phone=&#8221;inherit&#8221; column_padding_position=&#8221;all&#8221; column_element_spacing=&#8221;default&#8221; background_color_opacity=&#8221;1&#8243; background_hover_color_opacity=&#8221;1&#8243; column_shadow=&#8221;none&#8221; column_border_radius=&#8221;none&#8221; column_link_target=&#8221;_self&#8221; gradient_direction=&#8221;left_to_right&#8221; overlay_strength=&#8221;0.3&#8243; width=&#8221;1\/3&#8243; tablet_width_inherit=&#8221;default&#8221; bg_image_animation=&#8221;none&#8221; border_type=&#8221;simple&#8221; column_border_width=&#8221;none&#8221; column_border_style=&#8221;solid&#8221;][team_member image_url=&#8221;8020&#8243; bio_alt_image_url=&#8221;8015&#8243; team_memeber_style=&#8221;bio_fullscreen_alt&#8221; image_loading=&#8221;default&#8221; team_member_bio_full_html=&#8221;html&#8221; name=&#8221;iSP Holding&#8221; job_position=&#8221;Founding Partner and Board Member&#8221; team_member_mini_bio=&#8221;Advertising holding company of the Rod\u00e9s family, leader in the markets where it operates.&#8221;]<span style=\"color: #0278ca;\"><strong>Advertising holding company of the Rod\u00e9s family, leader in the markets where it operates.<\/strong><\/span><\/p>\n<p>Advertising holding company owned and operated by the Rod\u00e9s family, which also owns and operates iSPD, among other assets. Represented on the Board by Gonzalo Rod\u00e9s Vil\u00e0, Alfonso Rod\u00e9s Vil\u00e0 and Jordi Ustrell Rivera.[\/team_member][\/vc_column_inner][vc_column_inner column_padding=&#8221;padding-3-percent&#8221; column_padding_tablet=&#8221;inherit&#8221; column_padding_phone=&#8221;inherit&#8221; column_padding_position=&#8221;all&#8221; column_element_spacing=&#8221;default&#8221; background_color_opacity=&#8221;1&#8243; background_hover_color_opacity=&#8221;1&#8243; column_shadow=&#8221;none&#8221; column_border_radius=&#8221;none&#8221; column_link_target=&#8221;_self&#8221; gradient_direction=&#8221;left_to_right&#8221; overlay_strength=&#8221;0.3&#8243; width=&#8221;1\/3&#8243; tablet_width_inherit=&#8221;default&#8221; bg_image_animation=&#8221;none&#8221; border_type=&#8221;simple&#8221; column_border_width=&#8221;none&#8221; column_border_style=&#8221;solid&#8221;][team_member image_url=&#8221;8158&#8243; bio_alt_image_url=&#8221;8153&#8243; team_memeber_style=&#8221;bio_fullscreen_alt&#8221; image_loading=&#8221;default&#8221; team_member_bio_full_html=&#8221;html&#8221; name=&#8221;Art\u00e1 Capital&#8221; job_position=&#8221;Partner, Board Member&#8221; team_member_mini_bio=&#8221;Private equity corporation.&#8221;]<span style=\"color: #0278ca;\"><strong>Private equity corporation.<\/strong><\/span><\/p>\n<p>Private equity company, represented on the Board by Nicol\u00e1s Jimenez-Ugarte Luelmo and Jaime Alba Ripoll\u00e9s.[\/team_member][\/vc_column_inner][\/vc_row_inner][\/vc_column][\/vc_row]\n","protected":false},"excerpt":{"rendered":"<p>[vc_row type=&#8221;full_width_background&#8221; full_screen_row_position=&#8221;middle&#8221; column_margin=&#8221;default&#8221; column_direction=&#8221;default&#8221; column_direction_tablet=&#8221;default&#8221; column_direction_phone=&#8221;default&#8221; bg_color=&#8221;#0278ca&#8221; bg_image=&#8221;5409&#8243; bg_position=&#8221;left top&#8221; background_image_loading=&#8221;default&#8221; bg_repeat=&#8221;no-repeat&#8221; scene_position=&#8221;center&#8221; top_padding=&#8221;6%&#8221; bottom_padding=&#8221;6%&#8221; text_color=&#8221;light&#8221; text_align=&#8221;center&#8221; row_border_radius=&#8221;none&#8221; row_border_radius_applies=&#8221;bg&#8221; color_overlay=&#8221;rgba(2,120,202,0.01)&#8221; overlay_strength=&#8221;0.5&#8243; gradient_direction=&#8221;left_to_right&#8221; shape_divider_position=&#8221;bottom&#8221; bg_image_animation=&#8221;none&#8221; shape_type=&#8221;&#8221;][vc_column column_padding=&#8221;no-extra-padding&#8221; column_padding_tablet=&#8221;inherit&#8221; column_padding_phone=&#8221;inherit&#8221; column_padding_position=&#8221;all&#8221;&#8230;<\/p>\n","protected":false},"author":1,"featured_media":0,"parent":0,"menu_order":0,"comment_status":"closed","ping_status":"closed","template":"","meta":{"footnotes":""},"class_list":["post-8243","page","type-page","status-publish"],"yoast_head":"<!-- This site is optimized with the Yoast SEO plugin v27.2 - https:\/\/yoast.com\/product\/yoast-seo-wordpress\/ -->\n<title>Board | in-Store Media<\/title>\n<meta name=\"robots\" content=\"index, follow, max-snippet:-1, max-image-preview:large, max-video-preview:-1\" \/>\n<link rel=\"canonical\" href=\"https:\/\/in-storemedia.com\/en\/board\/\" \/>\n<meta property=\"og:locale\" content=\"en_US\" \/>\n<meta property=\"og:type\" content=\"article\" \/>\n<meta property=\"og:title\" content=\"Board | in-Store Media\" \/>\n<meta property=\"og:description\" content=\"[vc_row type=&#8221;full_width_background&#8221; full_screen_row_position=&#8221;middle&#8221; column_margin=&#8221;default&#8221; column_direction=&#8221;default&#8221; column_direction_tablet=&#8221;default&#8221; column_direction_phone=&#8221;default&#8221; bg_color=&#8221;#0278ca&#8221; bg_image=&#8221;5409&#8243; bg_position=&#8221;left top&#8221; background_image_loading=&#8221;default&#8221; bg_repeat=&#8221;no-repeat&#8221; scene_position=&#8221;center&#8221; top_padding=&#8221;6%&#8221; bottom_padding=&#8221;6%&#8221; text_color=&#8221;light&#8221; text_align=&#8221;center&#8221; row_border_radius=&#8221;none&#8221; row_border_radius_applies=&#8221;bg&#8221; color_overlay=&#8221;rgba(2,120,202,0.01)&#8221; overlay_strength=&#8221;0.5&#8243; gradient_direction=&#8221;left_to_right&#8221; shape_divider_position=&#8221;bottom&#8221; bg_image_animation=&#8221;none&#8221; shape_type=&#8221;&#8221;][vc_column column_padding=&#8221;no-extra-padding&#8221; column_padding_tablet=&#8221;inherit&#8221; column_padding_phone=&#8221;inherit&#8221; column_padding_position=&#8221;all&#8221;...\" \/>\n<meta property=\"og:url\" content=\"https:\/\/in-storemedia.com\/en\/board\/\" \/>\n<meta property=\"og:site_name\" content=\"in-Store Media\" \/>\n<meta property=\"article:modified_time\" content=\"2024-04-29T12:37:09+00:00\" \/>\n<meta name=\"twitter:card\" content=\"summary_large_image\" \/>\n<meta name=\"twitter:label1\" content=\"Est. reading time\" \/>\n\t<meta name=\"twitter:data1\" content=\"4 minutes\" \/>\n<script type=\"application\/ld+json\" class=\"yoast-schema-graph\">{\"@context\":\"https:\/\/schema.org\",\"@graph\":[{\"@type\":\"WebPage\",\"@id\":\"https:\/\/in-storemedia.com\/en\/board\/\",\"url\":\"https:\/\/in-storemedia.com\/en\/board\/\",\"name\":\"Board | in-Store Media\",\"isPartOf\":{\"@id\":\"\/#website\"},\"datePublished\":\"2022-04-19T08:13:57+00:00\",\"dateModified\":\"2024-04-29T12:37:09+00:00\",\"breadcrumb\":{\"@id\":\"https:\/\/in-storemedia.com\/en\/board\/#breadcrumb\"},\"inLanguage\":\"en-US\",\"potentialAction\":[{\"@type\":\"ReadAction\",\"target\":[\"https:\/\/in-storemedia.com\/en\/board\/\"]}]},{\"@type\":\"BreadcrumbList\",\"@id\":\"https:\/\/in-storemedia.com\/en\/board\/#breadcrumb\",\"itemListElement\":[{\"@type\":\"ListItem\",\"position\":1,\"name\":\"Portada\",\"item\":\"https:\/\/in-storemedia.com\/\"},{\"@type\":\"ListItem\",\"position\":2,\"name\":\"Board\"}]},{\"@type\":\"WebSite\",\"@id\":\"\/#website\",\"url\":\"\/\",\"name\":\"in-Store Media\",\"description\":\"Creadores del Retail Media\",\"potentialAction\":[{\"@type\":\"SearchAction\",\"target\":{\"@type\":\"EntryPoint\",\"urlTemplate\":\"\/?s={search_term_string}\"},\"query-input\":{\"@type\":\"PropertyValueSpecification\",\"valueRequired\":true,\"valueName\":\"search_term_string\"}}],\"inLanguage\":\"en-US\"}]}<\/script>\n<!-- \/ Yoast SEO plugin. -->","yoast_head_json":{"title":"Board | in-Store Media","robots":{"index":"index","follow":"follow","max-snippet":"max-snippet:-1","max-image-preview":"max-image-preview:large","max-video-preview":"max-video-preview:-1"},"canonical":"https:\/\/in-storemedia.com\/en\/board\/","og_locale":"en_US","og_type":"article","og_title":"Board | in-Store Media","og_description":"[vc_row type=&#8221;full_width_background&#8221; full_screen_row_position=&#8221;middle&#8221; column_margin=&#8221;default&#8221; column_direction=&#8221;default&#8221; column_direction_tablet=&#8221;default&#8221; column_direction_phone=&#8221;default&#8221; bg_color=&#8221;#0278ca&#8221; bg_image=&#8221;5409&#8243; bg_position=&#8221;left top&#8221; background_image_loading=&#8221;default&#8221; bg_repeat=&#8221;no-repeat&#8221; scene_position=&#8221;center&#8221; top_padding=&#8221;6%&#8221; bottom_padding=&#8221;6%&#8221; text_color=&#8221;light&#8221; text_align=&#8221;center&#8221; row_border_radius=&#8221;none&#8221; row_border_radius_applies=&#8221;bg&#8221; color_overlay=&#8221;rgba(2,120,202,0.01)&#8221; overlay_strength=&#8221;0.5&#8243; gradient_direction=&#8221;left_to_right&#8221; shape_divider_position=&#8221;bottom&#8221; bg_image_animation=&#8221;none&#8221; shape_type=&#8221;&#8221;][vc_column column_padding=&#8221;no-extra-padding&#8221; column_padding_tablet=&#8221;inherit&#8221; column_padding_phone=&#8221;inherit&#8221; column_padding_position=&#8221;all&#8221;...","og_url":"https:\/\/in-storemedia.com\/en\/board\/","og_site_name":"in-Store Media","article_modified_time":"2024-04-29T12:37:09+00:00","twitter_card":"summary_large_image","twitter_misc":{"Est. reading time":"4 minutes"},"schema":{"@context":"https:\/\/schema.org","@graph":[{"@type":"WebPage","@id":"https:\/\/in-storemedia.com\/en\/board\/","url":"https:\/\/in-storemedia.com\/en\/board\/","name":"Board | in-Store Media","isPartOf":{"@id":"\/#website"},"datePublished":"2022-04-19T08:13:57+00:00","dateModified":"2024-04-29T12:37:09+00:00","breadcrumb":{"@id":"https:\/\/in-storemedia.com\/en\/board\/#breadcrumb"},"inLanguage":"en-US","potentialAction":[{"@type":"ReadAction","target":["https:\/\/in-storemedia.com\/en\/board\/"]}]},{"@type":"BreadcrumbList","@id":"https:\/\/in-storemedia.com\/en\/board\/#breadcrumb","itemListElement":[{"@type":"ListItem","position":1,"name":"Portada","item":"https:\/\/in-storemedia.com\/"},{"@type":"ListItem","position":2,"name":"Board"}]},{"@type":"WebSite","@id":"\/#website","url":"\/","name":"in-Store Media","description":"Creadores del Retail Media","potentialAction":[{"@type":"SearchAction","target":{"@type":"EntryPoint","urlTemplate":"\/?s={search_term_string}"},"query-input":{"@type":"PropertyValueSpecification","valueRequired":true,"valueName":"search_term_string"}}],"inLanguage":"en-US"}]}},"_links":{"self":[{"href":"https:\/\/in-storemedia.com\/en\/wp-json\/wp\/v2\/pages\/8243","targetHints":{"allow":["GET"]}}],"collection":[{"href":"https:\/\/in-storemedia.com\/en\/wp-json\/wp\/v2\/pages"}],"about":[{"href":"https:\/\/in-storemedia.com\/en\/wp-json\/wp\/v2\/types\/page"}],"author":[{"embeddable":true,"href":"https:\/\/in-storemedia.com\/en\/wp-json\/wp\/v2\/users\/1"}],"replies":[{"embeddable":true,"href":"https:\/\/in-storemedia.com\/en\/wp-json\/wp\/v2\/comments?post=8243"}],"version-history":[{"count":6,"href":"https:\/\/in-storemedia.com\/en\/wp-json\/wp\/v2\/pages\/8243\/revisions"}],"predecessor-version":[{"id":8972,"href":"https:\/\/in-storemedia.com\/en\/wp-json\/wp\/v2\/pages\/8243\/revisions\/8972"}],"wp:attachment":[{"href":"https:\/\/in-storemedia.com\/en\/wp-json\/wp\/v2\/media?parent=8243"}],"curies":[{"name":"wp","href":"https:\/\/api.w.org\/{rel}","templated":true}]}}